{"id":526,"date":"2022-10-25T10:33:04","date_gmt":"2022-10-25T10:33:04","guid":{"rendered":"https:\/\/smrr.ma\/?page_id=526"},"modified":"2026-04-04T10:04:55","modified_gmt":"2026-04-04T10:04:55","slug":"pole-carton-et-alveoles","status":"publish","type":"page","link":"https:\/\/smrr.ma\/en\/pole-carton-et-alveoles\/","title":{"rendered":"P\u00f4le Carton et Alve\u0301oles"},"content":{"rendered":"<div data-elementor-type=\"wp-page\" data-elementor-id=\"526\" class=\"elementor elementor-526\">\n\t\t\t\t\t\t\t\t\t<section class=\"elementor-section elementor-top-section elementor-element elementor-element-ad1fa8f elementor-section-items-stretch elementor-section-height-min-height elementor-section-boxed elementor-section-height-default\" data-id=\"ad1fa8f\" data-element_type=\"section\" data-settings=\"{&quot;background_background&quot;:&quot;classic&quot;}\">\n\t\t\t\t\t\t\t<div class=\"elementor-background-overlay\"><\/div>\n\t\t\t\t\t\t\t<div class=\"elementor-container elementor-column-gap-default\">\n\t\t\t\t\t<div class=\"elementor-column elementor-col-100 elementor-top-column elementor-element elementor-element-e7d84c7\" data-id=\"e7d84c7\" data-element_type=\"column\">\n\t\t\t<div class=\"elementor-widget-wrap elementor-element-populated\">\n\t\t\t\t\t\t\t\t<div class=\"elementor-element elementor-element-bd5b862 elementor-widget elementor-widget-spacer\" data-id=\"bd5b862\" data-element_type=\"widget\" data-widget_type=\"spacer.default\">\n\t\t\t\t<div class=\"elementor-widget-container\">\n\t\t\t<style>\/*! elementor - v3.8.1 - 13-11-2022 *\/\n.elementor-column .elementor-spacer-inner{height:var(--spacer-size)}.e-con{--container-widget-width:100%}.e-con-inner>.elementor-widget-spacer,.e-con>.elementor-widget-spacer{width:var(--container-widget-width,var(--spacer-size));-ms-flex-item-align:stretch;align-self:stretch;-ms-flex-negative:0;flex-shrink:0}.e-con-inner>.elementor-widget-spacer>.elementor-widget-container,.e-con-inner>.elementor-widget-spacer>.elementor-widget-container>.elementor-spacer,.e-con>.elementor-widget-spacer>.elementor-widget-container,.e-con>.elementor-widget-spacer>.elementor-widget-container>.elementor-spacer{height:100%}.e-con-inner>.elementor-widget-spacer>.elementor-widget-container>.elementor-spacer>.elementor-spacer-inner,.e-con>.elementor-widget-spacer>.elementor-widget-container>.elementor-spacer>.elementor-spacer-inner{height:var(--container-widget-height,var(--spacer-size))}<\/style>\t\t<div class=\"elementor-spacer\">\n\t\t\t<div class=\"elementor-spacer-inner\"><\/div>\n\t\t<\/div>\n\t\t\t\t<\/div>\n\t\t\t\t<\/div>\n\t\t\t\t<section class=\"elementor-section elementor-inner-section elementor-element elementor-element-143e765 elementor-section-boxed elementor-section-height-default elementor-section-height-default\" data-id=\"143e765\" data-element_type=\"section\">\n\t\t\t\t\t\t<div class=\"elementor-container elementor-column-gap-default\">\n\t\t\t\t\t<div class=\"elementor-column elementor-col-100 elementor-inner-column elementor-element elementor-element-26c8996\" data-id=\"26c8996\" data-element_type=\"column\">\n\t\t\t<div class=\"elementor-widget-wrap elementor-element-populated\">\n\t\t\t\t\t\t\t\t<div class=\"elementor-element elementor-element-6a3a4a9 elementor-widget elementor-widget-heading\" data-id=\"6a3a4a9\" data-element_type=\"widget\" data-widget_type=\"heading.default\">\n\t\t\t\t<div class=\"elementor-widget-container\">\n\t\t\t<style>\/*! elementor - v3.8.1 - 13-11-2022 *\/\n.elementor-heading-title{padding:0;margin:0;line-height:1}.elementor-widget-heading .elementor-heading-title[class*=elementor-size-]>a{color:inherit;font-size:inherit;line-height:inherit}.elementor-widget-heading .elementor-heading-title.elementor-size-small{font-size:15px}.elementor-widget-heading .elementor-heading-title.elementor-size-medium{font-size:19px}.elementor-widget-heading .elementor-heading-title.elementor-size-large{font-size:29px}.elementor-widget-heading .elementor-heading-title.elementor-size-xl{font-size:39px}.elementor-widget-heading .elementor-heading-title.elementor-size-xxl{font-size:59px}<\/style><h1 class=\"elementor-heading-title elementor-size-default translation-block\">Cardboards<br>and EGG TRAYS Division<\/h1>\t\t<\/div>\n\t\t\t\t<\/div>\n\t\t\t\t<div class=\"elementor-element elementor-element-ba17055 elementor-widget elementor-widget-spacer\" data-id=\"ba17055\" data-element_type=\"widget\" data-widget_type=\"spacer.default\">\n\t\t\t\t<div class=\"elementor-widget-container\">\n\t\t\t\t\t<div class=\"elementor-spacer\">\n\t\t\t<div class=\"elementor-spacer-inner\"><\/div>\n\t\t<\/div>\n\t\t\t\t<\/div>\n\t\t\t\t<\/div>\n\t\t\t\t<div class=\"elementor-element elementor-element-5c601d4 elementor-widget elementor-widget-spacer\" data-id=\"5c601d4\" data-element_type=\"widget\" data-widget_type=\"spacer.default\">\n\t\t\t\t<div class=\"elementor-widget-container\">\n\t\t\t\t\t<div class=\"elementor-spacer\">\n\t\t\t<div class=\"elementor-spacer-inner\"><\/div>\n\t\t<\/div>\n\t\t\t\t<\/div>\n\t\t\t\t<\/div>\n\t\t\t\t\t<\/div>\n\t\t<\/div>\n\t\t\t\t\t\t\t<\/div>\n\t\t<\/section>\n\t\t\t\t\t<\/div>\n\t\t<\/div>\n\t\t\t\t\t\t\t<\/div>\n\t\t<\/section>\n\t\t\t\t<section class=\"elementor-section elementor-top-section elementor-element elementor-element-1c2f638 elementor-section-full_width elementor-section-height-default elementor-section-height-default\" data-id=\"1c2f638\" data-element_type=\"section\">\n\t\t\t\t\t\t\t<div class=\"elementor-background-overlay\"><\/div>\n\t\t\t\t\t\t\t<div class=\"elementor-container elementor-column-gap-wide\">\n\t\t\t\t\t<div class=\"elementor-column elementor-col-50 elementor-top-column elementor-element elementor-element-02461f6\" data-id=\"02461f6\" data-element_type=\"column\" data-settings=\"{&quot;background_background&quot;:&quot;slideshow&quot;,&quot;background_slideshow_gallery&quot;:[{&quot;id&quot;:1402,&quot;url&quot;:&quot;https:\\\/\\\/smrr.ma\\\/wp-content\\\/uploads\\\/2023\\\/03\\\/shutterstock_1921879139_-_small1.jpg&quot;},{&quot;id&quot;:540,&quot;url&quot;:&quot;https:\\\/\\\/smrr.ma\\\/wp-content\\\/uploads\\\/2022\\\/10\\\/Paper-Machinery-Equipment-Pulp-Moulding-Machine.jpg&quot;},{&quot;id&quot;:536,&quot;url&quot;:&quot;https:\\\/\\\/smrr.ma\\\/wp-content\\\/uploads\\\/2022\\\/10\\\/recycle-papers-from-boxes-scaled.jpg&quot;},{&quot;id&quot;:1400,&quot;url&quot;:&quot;https:\\\/\\\/smrr.ma\\\/wp-content\\\/uploads\\\/2023\\\/03\\\/close-up-empty-egg-tray-crumpled-paper-concept-recycling-reuse.jpg&quot;}],&quot;background_slideshow_slide_duration&quot;:3000,&quot;background_slideshow_loop&quot;:&quot;yes&quot;,&quot;background_slideshow_slide_transition&quot;:&quot;fade&quot;,&quot;background_slideshow_transition_duration&quot;:500}\">\n\t\t\t<div class=\"elementor-widget-wrap elementor-element-populated\">\n\t\t\t\t\t\t\t\t<div class=\"elementor-element elementor-element-10feeb8 elementor-widget elementor-widget-spacer\" data-id=\"10feeb8\" data-element_type=\"widget\" data-widget_type=\"spacer.default\">\n\t\t\t\t<div class=\"elementor-widget-container\">\n\t\t\t\t\t<div class=\"elementor-spacer\">\n\t\t\t<div class=\"elementor-spacer-inner\"><\/div>\n\t\t<\/div>\n\t\t\t\t<\/div>\n\t\t\t\t<\/div>\n\t\t\t\t\t<\/div>\n\t\t<\/div>\n\t\t\t\t<div class=\"elementor-column elementor-col-50 elementor-top-column elementor-element elementor-element-f5bc813\" data-id=\"f5bc813\" data-element_type=\"column\">\n\t\t\t<div class=\"elementor-widget-wrap elementor-element-populated\">\n\t\t\t\t\t\t\t\t<div class=\"elementor-element elementor-element-50605f6 elementor-widget elementor-widget-heading\" data-id=\"50605f6\" data-element_type=\"widget\" data-widget_type=\"heading.default\">\n\t\t\t\t<div class=\"elementor-widget-container\">\n\t\t\t<h2 class=\"elementor-heading-title elementor-size-default translation-block\">Cardboards<br>and EGG TRAYS Division<\/h2>\t\t<\/div>\n\t\t\t\t<\/div>\n\t\t\t\t<div class=\"elementor-element elementor-element-2003927 elementor-widget elementor-widget-text-editor\" data-id=\"2003927\" data-element_type=\"widget\" data-widget_type=\"text-editor.default\">\n\t\t\t\t<div class=\"elementor-widget-container\">\n\t\t\t<style>\/*! elementor - v3.8.1 - 13-11-2022 *\/\n.elementor-widget-text-editor.elementor-drop-cap-view-stacked .elementor-drop-cap{background-color:#818a91;color:#fff}.elementor-widget-text-editor.elementor-drop-cap-view-framed .elementor-drop-cap{color:#818a91;border:3px solid;background-color:transparent}.elementor-widget-text-editor:not(.elementor-drop-cap-view-default) .elementor-drop-cap{margin-top:8px}.elementor-widget-text-editor:not(.elementor-drop-cap-view-default) .elementor-drop-cap-letter{width:1em;height:1em}.elementor-widget-text-editor .elementor-drop-cap{float:left;text-align:center;line-height:1;font-size:50px}.elementor-widget-text-editor .elementor-drop-cap-letter{display:inline-block}<\/style>\t\t\t\t<p>Since 1995, SMRR's activity has been the recovery of cardboard to meet the needs of other subsidiaries of its group. Its growing knowledge of the paper and cardboard markets enabled rapid development and opened the way to the export of bales of cardboard waste.<\/p><p><strong>SMRR valorise les d\u00e9chets carton en produits finis \u00e0 forte valeur ajout\u00e9e. \u00c0 travers sa filiale SMPPAO \u00ab Soci\u00e9t\u00e9 Marocaine de Production de Plateaux Alv\u00e9oles pour \u0152ufs \u00bb<\/strong>, le groupe produit des plateaux alv\u00e9oles en carton de haute qualit\u00e9, sp\u00e9cialement con\u00e7us pour le conditionnement des \u0153ufs. Gr\u00e2ce \u00e0 deux lignes de production performantes, SMRR garantit \u00e0 ses clients des solutions fiables, comp\u00e9titives et respectueuses de l\u2019environnement, r\u00e9pondant aux exigences du march\u00e9 en termes de qualit\u00e9, disponibilit\u00e9 et durabilit\u00e9.\u00a0<\/p>\t\t\t\t\t\t<\/div>\n\t\t\t\t<\/div>\n\t\t\t\t<div class=\"elementor-element elementor-element-193007d elementor-widget elementor-widget-spacer\" data-id=\"193007d\" data-element_type=\"widget\" data-widget_type=\"spacer.default\">\n\t\t\t\t<div class=\"elementor-widget-container\">\n\t\t\t\t\t<div class=\"elementor-spacer\">\n\t\t\t<div class=\"elementor-spacer-inner\"><\/div>\n\t\t<\/div>\n\t\t\t\t<\/div>\n\t\t\t\t<\/div>\n\t\t\t\t\t<\/div>\n\t\t<\/div>\n\t\t\t\t\t\t\t<\/div>\n\t\t<\/section>\n\t\t\t\t<section class=\"elementor-section elementor-top-section elementor-element elementor-element-8df3a9a elementor-section-full_width elementor-section-height-min-height elementor-section-items-stretch elementor-section-height-default\" data-id=\"8df3a9a\" data-element_type=\"section\">\n\t\t\t\t\t\t\t<div class=\"elementor-background-overlay\"><\/div>\n\t\t\t\t\t\t\t<div class=\"elementor-container elementor-column-gap-wide\">\n\t\t\t\t\t<div class=\"elementor-column elementor-col-50 elementor-top-column elementor-element elementor-element-dfbec01\" data-id=\"dfbec01\" data-element_type=\"column\" data-settings=\"{&quot;background_background&quot;:&quot;classic&quot;}\">\n\t\t\t<div class=\"elementor-widget-wrap elementor-element-populated\">\n\t\t\t\t\t\t\t\t<div class=\"elementor-element elementor-element-bcd523f elementor-widget elementor-widget-spacer\" data-id=\"bcd523f\" data-element_type=\"widget\" data-widget_type=\"spacer.default\">\n\t\t\t\t<div class=\"elementor-widget-container\">\n\t\t\t\t\t<div class=\"elementor-spacer\">\n\t\t\t<div class=\"elementor-spacer-inner\"><\/div>\n\t\t<\/div>\n\t\t\t\t<\/div>\n\t\t\t\t<\/div>\n\t\t\t\t<div class=\"elementor-element elementor-element-e4998e0 elementor-widget elementor-widget-spacer\" data-id=\"e4998e0\" data-element_type=\"widget\" data-widget_type=\"spacer.default\">\n\t\t\t\t<div class=\"elementor-widget-container\">\n\t\t\t\t\t<div class=\"elementor-spacer\">\n\t\t\t<div class=\"elementor-spacer-inner\"><\/div>\n\t\t<\/div>\n\t\t\t\t<\/div>\n\t\t\t\t<\/div>\n\t\t\t\t\t<\/div>\n\t\t<\/div>\n\t\t\t\t<div class=\"elementor-column elementor-col-50 elementor-top-column elementor-element elementor-element-f0b7efe\" data-id=\"f0b7efe\" data-element_type=\"column\" data-settings=\"{&quot;background_background&quot;:&quot;classic&quot;}\">\n\t\t\t<div class=\"elementor-widget-wrap elementor-element-populated\">\n\t\t\t\t\t\t\t\t<section class=\"elementor-section elementor-inner-section elementor-element elementor-element-08409e5 elementor-section-boxed elementor-section-height-default elementor-section-height-default\" data-id=\"08409e5\" data-element_type=\"section\">\n\t\t\t\t\t\t<div class=\"elementor-container elementor-column-gap-wide\">\n\t\t\t\t\t<div class=\"elementor-column elementor-col-100 elementor-inner-column elementor-element elementor-element-0eccda2\" data-id=\"0eccda2\" data-element_type=\"column\">\n\t\t\t<div class=\"elementor-widget-wrap elementor-element-populated\">\n\t\t\t\t\t\t\t\t<div class=\"elementor-element elementor-element-365a8d3 elementor-widget elementor-widget-heading\" data-id=\"365a8d3\" data-element_type=\"widget\" data-widget_type=\"heading.default\">\n\t\t\t\t<div class=\"elementor-widget-container\">\n\t\t\t<h2 class=\"elementor-heading-title elementor-size-default translation-block\">Cardboards<br>and EGG TRAYS Division<br><\/h2>\t\t<\/div>\n\t\t\t\t<\/div>\n\t\t\t\t<div class=\"elementor-element elementor-element-2911ae5 elementor-widget elementor-widget-text-editor\" data-id=\"2911ae5\" data-element_type=\"widget\" data-widget_type=\"text-editor.default\">\n\t\t\t\t<div class=\"elementor-widget-container\">\n\t\t\t\t\t\t\t<ul><li><strong>Raw material:<\/strong> Cardboard and paper waste<\/li><li><strong>Bale press capacity: <\/strong>9 Tons\/hour<\/li><li><strong>Capacity of cell lines: <\/strong>8000 trays\/hour<\/li><li><strong>Direct jobs:<\/strong> 48 people<\/li><li><strong>Markets:<\/strong> Moroccan poultry and agriculture sector and export<\/li><li><strong>Products:<\/strong> All types of molded pulp packaging<\/li><\/ul>\t\t\t\t\t\t<\/div>\n\t\t\t\t<\/div>\n\t\t\t\t\t<\/div>\n\t\t<\/div>\n\t\t\t\t\t\t\t<\/div>\n\t\t<\/section>\n\t\t\t\t<div class=\"elementor-element elementor-element-5b30295 elementor-widget elementor-widget-spacer\" data-id=\"5b30295\" data-element_type=\"widget\" data-widget_type=\"spacer.default\">\n\t\t\t\t<div class=\"elementor-widget-container\">\n\t\t\t\t\t<div class=\"elementor-spacer\">\n\t\t\t<div class=\"elementor-spacer-inner\"><\/div>\n\t\t<\/div>\n\t\t\t\t<\/div>\n\t\t\t\t<\/div>\n\t\t\t\t\t<\/div>\n\t\t<\/div>\n\t\t\t\t\t\t\t<\/div>\n\t\t<\/section>\n\t\t\t\t\t\t\t<\/div>","protected":false},"excerpt":{"rendered":"<p>P\u00f4le Cartonet Alve\u0301oles P\u00f4le Cartonet Alve\u0301oles Historiquement l\u2019activite\u0301 de SMRR, depuis 1995 e\u0301tait la re\u0301cupe\u0301ration du carton pour satisfaire les besoins de son groupe. Sa connaissance des marche\u0301s du papier et carton a permis un de\u0301veloppement rapide de la re\u0301cupe\u0301ration, ce qui a ouvert la voie a\u0300 l\u2019exportation des balles de de\u0301chets carton. SMRR valorise&#8230;<\/p>","protected":false},"author":1,"featured_media":0,"parent":0,"menu_order":0,"comment_status":"closed","ping_status":"closed","template":"","meta":{"_kad_post_transparent":"","_kad_post_title":"hide","_kad_post_layout":"fullwidth","_kad_post_sidebar_id":"","_kad_post_content_style":"unboxed","_kad_post_vertical_padding":"hide","_kad_post_feature":"hide","_kad_post_feature_position":"","_kad_post_header":false,"_kad_post_footer":false,"footnotes":""},"class_list":["post-526","page","type-page","status-publish","hentry"],"yoast_head":"<!-- This site is optimized with the Yoast SEO plugin v23.6 - https:\/\/yoast.com\/wordpress\/plugins\/seo\/ -->\n<title>P\u00f4le Carton et Alve\u0301oles<\/title>\n<meta name=\"description\" content=\"SMRR a entam\u00e9 un investissement pour la transformation des d\u00e9chets cartons r\u00e9cup\u00e9r\u00e9s afin de monter dans la chaine de valeur de ce produit.\" \/>\n<meta name=\"robots\" content=\"index, follow, max-snippet:-1, max-image-preview:large, max-video-preview:-1\" \/>\n<link rel=\"canonical\" href=\"https:\/\/smrr.ma\/en\/pole-carton-et-alveoles\/\" \/>\n<meta property=\"og:locale\" content=\"en_GB\" \/>\n<meta property=\"og:type\" content=\"article\" \/>\n<meta property=\"og:title\" content=\"P\u00f4le Carton et Alve\u0301oles\" \/>\n<meta property=\"og:description\" content=\"SMRR a entam\u00e9 un investissement pour la transformation des d\u00e9chets cartons r\u00e9cup\u00e9r\u00e9s afin de monter dans la chaine de valeur de ce produit.\" \/>\n<meta property=\"og:url\" content=\"https:\/\/smrr.ma\/en\/pole-carton-et-alveoles\/\" \/>\n<meta property=\"article:modified_time\" content=\"2026-04-04T10:04:55+00:00\" \/>\n<meta name=\"twitter:card\" content=\"summary_large_image\" \/>\n<meta name=\"twitter:label1\" content=\"Estimated reading time\" \/>\n\t<meta name=\"twitter:data1\" content=\"1 minute\" \/>\n<script type=\"application\/ld+json\" class=\"yoast-schema-graph\">{\"@context\":\"https:\/\/schema.org\",\"@graph\":[{\"@type\":\"WebPage\",\"@id\":\"https:\/\/smrr.ma\/pole-carton-et-alveoles\/\",\"url\":\"https:\/\/smrr.ma\/pole-carton-et-alveoles\/\",\"name\":\"P\u00f4le Carton et Alve\u0301oles\",\"isPartOf\":{\"@id\":\"https:\/\/smrr.ma\/#website\"},\"datePublished\":\"2022-10-25T10:33:04+00:00\",\"dateModified\":\"2026-04-04T10:04:55+00:00\",\"description\":\"SMRR a entam\u00e9 un investissement pour la transformation des d\u00e9chets cartons r\u00e9cup\u00e9r\u00e9s afin de monter dans la chaine de valeur de ce produit.\",\"breadcrumb\":{\"@id\":\"https:\/\/smrr.ma\/pole-carton-et-alveoles\/#breadcrumb\"},\"inLanguage\":\"en-GB\",\"potentialAction\":[{\"@type\":\"ReadAction\",\"target\":[\"https:\/\/smrr.ma\/pole-carton-et-alveoles\/\"]}]},{\"@type\":\"BreadcrumbList\",\"@id\":\"https:\/\/smrr.ma\/pole-carton-et-alveoles\/#breadcrumb\",\"itemListElement\":[{\"@type\":\"ListItem\",\"position\":1,\"name\":\"Accueil\",\"item\":\"https:\/\/smrr.ma\/\"},{\"@type\":\"ListItem\",\"position\":2,\"name\":\"P\u00f4le Carton et Alve\u0301oles\"}]},{\"@type\":\"WebSite\",\"@id\":\"https:\/\/smrr.ma\/#website\",\"url\":\"https:\/\/smrr.ma\/\",\"name\":\"SMRR\",\"description\":\"\",\"publisher\":{\"@id\":\"https:\/\/smrr.ma\/#organization\"},\"potentialAction\":[{\"@type\":\"SearchAction\",\"target\":{\"@type\":\"EntryPoint\",\"urlTemplate\":\"https:\/\/smrr.ma\/?s={search_term_string}\"},\"query-input\":{\"@type\":\"PropertyValueSpecification\",\"valueRequired\":true,\"valueName\":\"search_term_string\"}}],\"inLanguage\":\"en-GB\"},{\"@type\":\"Organization\",\"@id\":\"https:\/\/smrr.ma\/#organization\",\"name\":\"SMRR\",\"url\":\"https:\/\/smrr.ma\/\",\"logo\":{\"@type\":\"ImageObject\",\"inLanguage\":\"en-GB\",\"@id\":\"https:\/\/smrr.ma\/#\/schema\/logo\/image\/\",\"url\":\"https:\/\/smrr.ma\/wp-content\/uploads\/2023\/01\/cropped-Logo-smrr-1.png\",\"contentUrl\":\"https:\/\/smrr.ma\/wp-content\/uploads\/2023\/01\/cropped-Logo-smrr-1.png\",\"width\":560,\"height\":249,\"caption\":\"SMRR\"},\"image\":{\"@id\":\"https:\/\/smrr.ma\/#\/schema\/logo\/image\/\"},\"sameAs\":[\"https:\/\/ma.linkedin.com\/company\/socit-marocaine-de-rcupration-et-de-recyclage\"]}]}<\/script>\n<!-- \/ Yoast SEO plugin. -->","yoast_head_json":{"title":"P\u00f4le Carton et Alve\u0301oles","description":"SMRR a entam\u00e9 un investissement pour la transformation des d\u00e9chets cartons r\u00e9cup\u00e9r\u00e9s afin de monter dans la chaine de valeur de ce produit.","robots":{"index":"index","follow":"follow","max-snippet":"max-snippet:-1","max-image-preview":"max-image-preview:large","max-video-preview":"max-video-preview:-1"},"canonical":"https:\/\/smrr.ma\/en\/pole-carton-et-alveoles\/","og_locale":"en_GB","og_type":"article","og_title":"P\u00f4le Carton et Alve\u0301oles","og_description":"SMRR a entam\u00e9 un investissement pour la transformation des d\u00e9chets cartons r\u00e9cup\u00e9r\u00e9s afin de monter dans la chaine de valeur de ce produit.","og_url":"https:\/\/smrr.ma\/en\/pole-carton-et-alveoles\/","article_modified_time":"2026-04-04T10:04:55+00:00","twitter_card":"summary_large_image","twitter_misc":{"Estimated reading time":"1 minute"},"schema":{"@context":"https:\/\/schema.org","@graph":[{"@type":"WebPage","@id":"https:\/\/smrr.ma\/pole-carton-et-alveoles\/","url":"https:\/\/smrr.ma\/pole-carton-et-alveoles\/","name":"P\u00f4le Carton et Alve\u0301oles","isPartOf":{"@id":"https:\/\/smrr.ma\/#website"},"datePublished":"2022-10-25T10:33:04+00:00","dateModified":"2026-04-04T10:04:55+00:00","description":"SMRR a entam\u00e9 un investissement pour la transformation des d\u00e9chets cartons r\u00e9cup\u00e9r\u00e9s afin de monter dans la chaine de valeur de ce produit.","breadcrumb":{"@id":"https:\/\/smrr.ma\/pole-carton-et-alveoles\/#breadcrumb"},"inLanguage":"en-GB","potentialAction":[{"@type":"ReadAction","target":["https:\/\/smrr.ma\/pole-carton-et-alveoles\/"]}]},{"@type":"BreadcrumbList","@id":"https:\/\/smrr.ma\/pole-carton-et-alveoles\/#breadcrumb","itemListElement":[{"@type":"ListItem","position":1,"name":"Accueil","item":"https:\/\/smrr.ma\/"},{"@type":"ListItem","position":2,"name":"P\u00f4le Carton et Alve\u0301oles"}]},{"@type":"WebSite","@id":"https:\/\/smrr.ma\/#website","url":"https:\/\/smrr.ma\/","name":"SMRR","description":"","publisher":{"@id":"https:\/\/smrr.ma\/#organization"},"potentialAction":[{"@type":"SearchAction","target":{"@type":"EntryPoint","urlTemplate":"https:\/\/smrr.ma\/?s={search_term_string}"},"query-input":{"@type":"PropertyValueSpecification","valueRequired":true,"valueName":"search_term_string"}}],"inLanguage":"en-GB"},{"@type":"Organization","@id":"https:\/\/smrr.ma\/#organization","name":"SMRR","url":"https:\/\/smrr.ma\/","logo":{"@type":"ImageObject","inLanguage":"en-GB","@id":"https:\/\/smrr.ma\/#\/schema\/logo\/image\/","url":"https:\/\/smrr.ma\/wp-content\/uploads\/2023\/01\/cropped-Logo-smrr-1.png","contentUrl":"https:\/\/smrr.ma\/wp-content\/uploads\/2023\/01\/cropped-Logo-smrr-1.png","width":560,"height":249,"caption":"SMRR"},"image":{"@id":"https:\/\/smrr.ma\/#\/schema\/logo\/image\/"},"sameAs":["https:\/\/ma.linkedin.com\/company\/socit-marocaine-de-rcupration-et-de-recyclage"]}]}},"_links":{"self":[{"href":"https:\/\/smrr.ma\/en\/wp-json\/wp\/v2\/pages\/526","targetHints":{"allow":["GET"]}}],"collection":[{"href":"https:\/\/smrr.ma\/en\/wp-json\/wp\/v2\/pages"}],"about":[{"href":"https:\/\/smrr.ma\/en\/wp-json\/wp\/v2\/types\/page"}],"author":[{"embeddable":true,"href":"https:\/\/smrr.ma\/en\/wp-json\/wp\/v2\/users\/1"}],"replies":[{"embeddable":true,"href":"https:\/\/smrr.ma\/en\/wp-json\/wp\/v2\/comments?post=526"}],"version-history":[{"count":103,"href":"https:\/\/smrr.ma\/en\/wp-json\/wp\/v2\/pages\/526\/revisions"}],"predecessor-version":[{"id":1931,"href":"https:\/\/smrr.ma\/en\/wp-json\/wp\/v2\/pages\/526\/revisions\/1931"}],"wp:attachment":[{"href":"https:\/\/smrr.ma\/en\/wp-json\/wp\/v2\/media?parent=526"}],"curies":[{"name":"wp","href":"https:\/\/api.w.org\/{rel}","templated":true}]}}