{"id":464,"date":"2022-10-21T13:03:47","date_gmt":"2022-10-21T13:03:47","guid":{"rendered":"https:\/\/smrr.ma\/?page_id=464"},"modified":"2024-10-10T23:44:50","modified_gmt":"2024-10-10T23:44:50","slug":"pole-polyolefines","status":"publish","type":"page","link":"https:\/\/smrr.ma\/en\/pole-polyolefines\/","title":{"rendered":"Polyolefins Division"},"content":{"rendered":"<div data-elementor-type=\"wp-page\" data-elementor-id=\"464\" class=\"elementor elementor-464\">\n\t\t\t\t\t\t\t\t\t<section class=\"elementor-section elementor-top-section elementor-element elementor-element-6d20e24 elementor-section-items-stretch elementor-section-height-min-height elementor-section-boxed elementor-section-height-default\" data-id=\"6d20e24\" data-element_type=\"section\" data-settings=\"{&quot;background_background&quot;:&quot;classic&quot;}\">\n\t\t\t\t\t\t\t<div class=\"elementor-background-overlay\"><\/div>\n\t\t\t\t\t\t\t<div class=\"elementor-container elementor-column-gap-default\">\n\t\t\t\t\t<div class=\"elementor-column elementor-col-100 elementor-top-column elementor-element elementor-element-e198ec6\" data-id=\"e198ec6\" data-element_type=\"column\">\n\t\t\t<div class=\"elementor-widget-wrap elementor-element-populated\">\n\t\t\t\t\t\t\t\t<div class=\"elementor-element elementor-element-87c2f3d elementor-widget elementor-widget-spacer\" data-id=\"87c2f3d\" data-element_type=\"widget\" data-widget_type=\"spacer.default\">\n\t\t\t\t<div class=\"elementor-widget-container\">\n\t\t\t<style>\/*! elementor - v3.8.1 - 13-11-2022 *\/\n.elementor-column .elementor-spacer-inner{height:var(--spacer-size)}.e-con{--container-widget-width:100%}.e-con-inner>.elementor-widget-spacer,.e-con>.elementor-widget-spacer{width:var(--container-widget-width,var(--spacer-size));-ms-flex-item-align:stretch;align-self:stretch;-ms-flex-negative:0;flex-shrink:0}.e-con-inner>.elementor-widget-spacer>.elementor-widget-container,.e-con-inner>.elementor-widget-spacer>.elementor-widget-container>.elementor-spacer,.e-con>.elementor-widget-spacer>.elementor-widget-container,.e-con>.elementor-widget-spacer>.elementor-widget-container>.elementor-spacer{height:100%}.e-con-inner>.elementor-widget-spacer>.elementor-widget-container>.elementor-spacer>.elementor-spacer-inner,.e-con>.elementor-widget-spacer>.elementor-widget-container>.elementor-spacer>.elementor-spacer-inner{height:var(--container-widget-height,var(--spacer-size))}<\/style>\t\t<div class=\"elementor-spacer\">\n\t\t\t<div class=\"elementor-spacer-inner\"><\/div>\n\t\t<\/div>\n\t\t\t\t<\/div>\n\t\t\t\t<\/div>\n\t\t\t\t<section class=\"elementor-section elementor-inner-section elementor-element elementor-element-5b5e3ca elementor-section-boxed elementor-section-height-default elementor-section-height-default\" data-id=\"5b5e3ca\" data-element_type=\"section\">\n\t\t\t\t\t\t<div class=\"elementor-container elementor-column-gap-default\">\n\t\t\t\t\t<div class=\"elementor-column elementor-col-100 elementor-inner-column elementor-element elementor-element-ede0956\" data-id=\"ede0956\" data-element_type=\"column\">\n\t\t\t<div class=\"elementor-widget-wrap elementor-element-populated\">\n\t\t\t\t\t\t\t\t<div class=\"elementor-element elementor-element-de4ee40 elementor-widget elementor-widget-heading\" data-id=\"de4ee40\" data-element_type=\"widget\" data-widget_type=\"heading.default\">\n\t\t\t\t<div class=\"elementor-widget-container\">\n\t\t\t<style>\/*! elementor - v3.8.1 - 13-11-2022 *\/\n.elementor-heading-title{padding:0;margin:0;line-height:1}.elementor-widget-heading .elementor-heading-title[class*=elementor-size-]>a{color:inherit;font-size:inherit;line-height:inherit}.elementor-widget-heading .elementor-heading-title.elementor-size-small{font-size:15px}.elementor-widget-heading .elementor-heading-title.elementor-size-medium{font-size:19px}.elementor-widget-heading .elementor-heading-title.elementor-size-large{font-size:29px}.elementor-widget-heading .elementor-heading-title.elementor-size-xl{font-size:39px}.elementor-widget-heading .elementor-heading-title.elementor-size-xxl{font-size:59px}<\/style><h1 class=\"elementor-heading-title elementor-size-default translation-block\">Polyolefins Division<\/h1>\t\t<\/div>\n\t\t\t\t<\/div>\n\t\t\t\t<div class=\"elementor-element elementor-element-e0962e2 elementor-widget elementor-widget-spacer\" data-id=\"e0962e2\" data-element_type=\"widget\" data-widget_type=\"spacer.default\">\n\t\t\t\t<div class=\"elementor-widget-container\">\n\t\t\t\t\t<div class=\"elementor-spacer\">\n\t\t\t<div class=\"elementor-spacer-inner\"><\/div>\n\t\t<\/div>\n\t\t\t\t<\/div>\n\t\t\t\t<\/div>\n\t\t\t\t<div class=\"elementor-element elementor-element-32613ea elementor-widget elementor-widget-spacer\" data-id=\"32613ea\" data-element_type=\"widget\" data-widget_type=\"spacer.default\">\n\t\t\t\t<div class=\"elementor-widget-container\">\n\t\t\t\t\t<div class=\"elementor-spacer\">\n\t\t\t<div class=\"elementor-spacer-inner\"><\/div>\n\t\t<\/div>\n\t\t\t\t<\/div>\n\t\t\t\t<\/div>\n\t\t\t\t\t<\/div>\n\t\t<\/div>\n\t\t\t\t\t\t\t<\/div>\n\t\t<\/section>\n\t\t\t\t\t<\/div>\n\t\t<\/div>\n\t\t\t\t\t\t\t<\/div>\n\t\t<\/section>\n\t\t\t\t<section class=\"elementor-section elementor-top-section elementor-element elementor-element-84f1e95 elementor-section-boxed elementor-section-height-default elementor-section-height-default\" data-id=\"84f1e95\" data-element_type=\"section\" data-settings=\"{&quot;background_background&quot;:&quot;classic&quot;}\">\n\t\t\t\t\t\t\t<div class=\"elementor-background-overlay\"><\/div>\n\t\t\t\t\t\t\t<div class=\"elementor-container elementor-column-gap-default\">\n\t\t\t\t\t<div class=\"elementor-column elementor-col-100 elementor-top-column elementor-element elementor-element-f30f2df\" data-id=\"f30f2df\" data-element_type=\"column\">\n\t\t\t<div class=\"elementor-widget-wrap elementor-element-populated\">\n\t\t\t\t\t\t\t\t<div class=\"elementor-element elementor-element-9f665b2 elementor-widget elementor-widget-spacer\" data-id=\"9f665b2\" data-element_type=\"widget\" data-widget_type=\"spacer.default\">\n\t\t\t\t<div class=\"elementor-widget-container\">\n\t\t\t\t\t<div class=\"elementor-spacer\">\n\t\t\t<div class=\"elementor-spacer-inner\"><\/div>\n\t\t<\/div>\n\t\t\t\t<\/div>\n\t\t\t\t<\/div>\n\t\t\t\t\t<\/div>\n\t\t<\/div>\n\t\t\t\t\t\t\t<\/div>\n\t\t<\/section>\n\t\t\t\t<section class=\"elementor-section elementor-top-section elementor-element elementor-element-781d7ef elementor-section-boxed elementor-section-height-default elementor-section-height-default\" data-id=\"781d7ef\" data-element_type=\"section\">\n\t\t\t\t\t\t\t<div class=\"elementor-background-overlay\"><\/div>\n\t\t\t\t\t\t\t<div class=\"elementor-container elementor-column-gap-wide\">\n\t\t\t\t\t<div class=\"elementor-column elementor-col-50 elementor-top-column elementor-element elementor-element-f160d7b\" data-id=\"f160d7b\" data-element_type=\"column\">\n\t\t\t<div class=\"elementor-widget-wrap elementor-element-populated\">\n\t\t\t\t\t\t\t\t<div class=\"elementor-element elementor-element-26ded66 elementor-widget elementor-widget-heading\" data-id=\"26ded66\" data-element_type=\"widget\" data-widget_type=\"heading.default\">\n\t\t\t\t<div class=\"elementor-widget-container\">\n\t\t\t<h1 class=\"elementor-heading-title elementor-size-default translation-block\">Polyolefins Division<\/h1>\t\t<\/div>\n\t\t\t\t<\/div>\n\t\t\t\t<div class=\"elementor-element elementor-element-950367d elementor-widget elementor-widget-text-editor\" data-id=\"950367d\" data-element_type=\"widget\" data-widget_type=\"text-editor.default\">\n\t\t\t\t<div class=\"elementor-widget-container\">\n\t\t\t<style>\/*! elementor - v3.8.1 - 13-11-2022 *\/\n.elementor-widget-text-editor.elementor-drop-cap-view-stacked .elementor-drop-cap{background-color:#818a91;color:#fff}.elementor-widget-text-editor.elementor-drop-cap-view-framed .elementor-drop-cap{color:#818a91;border:3px solid;background-color:transparent}.elementor-widget-text-editor:not(.elementor-drop-cap-view-default) .elementor-drop-cap{margin-top:8px}.elementor-widget-text-editor:not(.elementor-drop-cap-view-default) .elementor-drop-cap-letter{width:1em;height:1em}.elementor-widget-text-editor .elementor-drop-cap{float:left;text-align:center;line-height:1;font-size:50px}.elementor-widget-text-editor .elementor-drop-cap-letter{display:inline-block}<\/style>\t\t\t\t<p>Encouraged by the results obtained from the PET division, SMRR expanded the range of products it promotes by investing in two lines for grinding, washing and granulating polyolefins (PP, HDPE, LDPE, etc.).<\/p>\t\t\t\t\t\t<\/div>\n\t\t\t\t<\/div>\n\t\t\t\t<div class=\"elementor-element elementor-element-294321f elementor-widget elementor-widget-spacer\" data-id=\"294321f\" data-element_type=\"widget\" data-widget_type=\"spacer.default\">\n\t\t\t\t<div class=\"elementor-widget-container\">\n\t\t\t\t\t<div class=\"elementor-spacer\">\n\t\t\t<div class=\"elementor-spacer-inner\"><\/div>\n\t\t<\/div>\n\t\t\t\t<\/div>\n\t\t\t\t<\/div>\n\t\t\t\t\t<\/div>\n\t\t<\/div>\n\t\t\t\t<div class=\"elementor-column elementor-col-50 elementor-top-column elementor-element elementor-element-c6529fe\" data-id=\"c6529fe\" data-element_type=\"column\">\n\t\t\t<div class=\"elementor-widget-wrap elementor-element-populated\">\n\t\t\t\t\t\t\t\t<div class=\"elementor-element elementor-element-d796e92 elementor-widget elementor-widget-image\" data-id=\"d796e92\" data-element_type=\"widget\" data-widget_type=\"image.default\">\n\t\t\t\t<div class=\"elementor-widget-container\">\n\t\t\t<style>\/*! elementor - v3.8.1 - 13-11-2022 *\/\n.elementor-widget-image{text-align:center}.elementor-widget-image a{display:inline-block}.elementor-widget-image a img[src$=\".svg\"]{width:48px}.elementor-widget-image img{vertical-align:middle;display:inline-block}<\/style>\t\t\t\t\t\t\t\t\t\t\t\t<img loading=\"lazy\" decoding=\"async\" width=\"973\" height=\"500\" src=\"https:\/\/smrr.ma\/wp-content\/uploads\/2022\/11\/07.jpg\" class=\"attachment-full size-full\" alt=\"\" srcset=\"https:\/\/smrr.ma\/wp-content\/uploads\/2022\/11\/07.jpg 973w, https:\/\/smrr.ma\/wp-content\/uploads\/2022\/11\/07-300x154.jpg 300w, https:\/\/smrr.ma\/wp-content\/uploads\/2022\/11\/07-768x395.jpg 768w, https:\/\/smrr.ma\/wp-content\/uploads\/2022\/11\/07-18x9.jpg 18w\" sizes=\"auto, (max-width: 973px) 100vw, 973px\" \/>\t\t\t\t\t\t\t\t\t\t\t\t\t\t\t<\/div>\n\t\t\t\t<\/div>\n\t\t\t\t<div class=\"elementor-element elementor-element-66f54f0 elementor-widget elementor-widget-image\" data-id=\"66f54f0\" data-element_type=\"widget\" data-widget_type=\"image.default\">\n\t\t\t\t<div class=\"elementor-widget-container\">\n\t\t\t\t\t\t\t\t\t\t\t\t\t\t\t<img loading=\"lazy\" decoding=\"async\" width=\"1575\" height=\"765\" src=\"https:\/\/smrr.ma\/wp-content\/uploads\/2022\/10\/3.jpg\" class=\"attachment-full size-full\" alt=\"\" srcset=\"https:\/\/smrr.ma\/wp-content\/uploads\/2022\/10\/3.jpg 1575w, https:\/\/smrr.ma\/wp-content\/uploads\/2022\/10\/3-300x146.jpg 300w, https:\/\/smrr.ma\/wp-content\/uploads\/2022\/10\/3-1024x497.jpg 1024w, https:\/\/smrr.ma\/wp-content\/uploads\/2022\/10\/3-768x373.jpg 768w, https:\/\/smrr.ma\/wp-content\/uploads\/2022\/10\/3-1536x746.jpg 1536w, https:\/\/smrr.ma\/wp-content\/uploads\/2022\/10\/3-18x9.jpg 18w\" sizes=\"auto, (max-width: 1575px) 100vw, 1575px\" \/>\t\t\t\t\t\t\t\t\t\t\t\t\t\t\t<\/div>\n\t\t\t\t<\/div>\n\t\t\t\t\t<\/div>\n\t\t<\/div>\n\t\t\t\t\t\t\t<\/div>\n\t\t<\/section>\n\t\t\t\t<section class=\"elementor-section elementor-top-section elementor-element elementor-element-8d17e77 elementor-section-full_width elementor-section-height-min-height elementor-section-items-stretch elementor-section-height-default\" data-id=\"8d17e77\" data-element_type=\"section\">\n\t\t\t\t\t\t\t<div class=\"elementor-background-overlay\"><\/div>\n\t\t\t\t\t\t\t<div class=\"elementor-container elementor-column-gap-wide\">\n\t\t\t\t\t<div class=\"elementor-column elementor-col-50 elementor-top-column elementor-element elementor-element-9d277c7\" data-id=\"9d277c7\" data-element_type=\"column\" data-settings=\"{&quot;background_background&quot;:&quot;slideshow&quot;,&quot;background_slideshow_gallery&quot;:[{&quot;id&quot;:1794,&quot;url&quot;:&quot;https:\\\/\\\/smrr.ma\\\/wp-content\\\/uploads\\\/2024\\\/05\\\/Polyolefine-2.jpg&quot;},{&quot;id&quot;:1795,&quot;url&quot;:&quot;https:\\\/\\\/smrr.ma\\\/wp-content\\\/uploads\\\/2024\\\/05\\\/Polyolefine-1.jpg&quot;}],&quot;background_slideshow_loop&quot;:&quot;yes&quot;,&quot;background_slideshow_slide_duration&quot;:5000,&quot;background_slideshow_slide_transition&quot;:&quot;fade&quot;,&quot;background_slideshow_transition_duration&quot;:500}\">\n\t\t\t<div class=\"elementor-widget-wrap elementor-element-populated\">\n\t\t\t\t\t\t\t\t<div class=\"elementor-element elementor-element-d0ea9af elementor-widget elementor-widget-spacer\" data-id=\"d0ea9af\" data-element_type=\"widget\" data-widget_type=\"spacer.default\">\n\t\t\t\t<div class=\"elementor-widget-container\">\n\t\t\t\t\t<div class=\"elementor-spacer\">\n\t\t\t<div class=\"elementor-spacer-inner\"><\/div>\n\t\t<\/div>\n\t\t\t\t<\/div>\n\t\t\t\t<\/div>\n\t\t\t\t<div class=\"elementor-element elementor-element-72f2a48 elementor-widget elementor-widget-spacer\" data-id=\"72f2a48\" data-element_type=\"widget\" data-widget_type=\"spacer.default\">\n\t\t\t\t<div class=\"elementor-widget-container\">\n\t\t\t\t\t<div class=\"elementor-spacer\">\n\t\t\t<div class=\"elementor-spacer-inner\"><\/div>\n\t\t<\/div>\n\t\t\t\t<\/div>\n\t\t\t\t<\/div>\n\t\t\t\t\t<\/div>\n\t\t<\/div>\n\t\t\t\t<div class=\"elementor-column elementor-col-50 elementor-top-column elementor-element elementor-element-21fdb05\" data-id=\"21fdb05\" data-element_type=\"column\" data-settings=\"{&quot;background_background&quot;:&quot;classic&quot;}\">\n\t\t\t<div class=\"elementor-widget-wrap elementor-element-populated\">\n\t\t\t\t\t\t\t\t<section class=\"elementor-section elementor-inner-section elementor-element elementor-element-6bd3f3b elementor-section-boxed elementor-section-height-default elementor-section-height-default\" data-id=\"6bd3f3b\" data-element_type=\"section\">\n\t\t\t\t\t\t<div class=\"elementor-container elementor-column-gap-wide\">\n\t\t\t\t\t<div class=\"elementor-column elementor-col-100 elementor-inner-column elementor-element elementor-element-22faa5a\" data-id=\"22faa5a\" data-element_type=\"column\">\n\t\t\t<div class=\"elementor-widget-wrap elementor-element-populated\">\n\t\t\t\t\t\t\t\t<div class=\"elementor-element elementor-element-d605efd elementor-widget elementor-widget-heading\" data-id=\"d605efd\" data-element_type=\"widget\" data-widget_type=\"heading.default\">\n\t\t\t\t<div class=\"elementor-widget-container\">\n\t\t\t<h2 class=\"elementor-heading-title elementor-size-default translation-block\">POLYOLEFINS<br>DIVISION FEATURES<\/h2>\t\t<\/div>\n\t\t\t\t<\/div>\n\t\t\t\t<div class=\"elementor-element elementor-element-5f4f9e4 elementor-widget elementor-widget-text-editor\" data-id=\"5f4f9e4\" data-element_type=\"widget\" data-widget_type=\"text-editor.default\">\n\t\t\t\t<div class=\"elementor-widget-container\">\n\t\t\t\t\t\t\t<ul><li><strong>Raw material:<\/strong> All types of thermoplastics<\/li><li><strong>Line capacity<\/strong> :\u00a0 <br \/>\u2013 Grinding\/hot washing: 1.5 Tons\/hour<br \/>- Extruder: 1.5 Tons\/hour<\/li><li><strong>Direct jobs:<\/strong> 18 people<\/li><li><strong>Markets:<\/strong> Moroccan plastic industry and export<\/li><\/ul>\t\t\t\t\t\t<\/div>\n\t\t\t\t<\/div>\n\t\t\t\t\t<\/div>\n\t\t<\/div>\n\t\t\t\t\t\t\t<\/div>\n\t\t<\/section>\n\t\t\t\t<div class=\"elementor-element elementor-element-cf69ed5 elementor-widget elementor-widget-spacer\" data-id=\"cf69ed5\" data-element_type=\"widget\" data-widget_type=\"spacer.default\">\n\t\t\t\t<div class=\"elementor-widget-container\">\n\t\t\t\t\t<div class=\"elementor-spacer\">\n\t\t\t<div class=\"elementor-spacer-inner\"><\/div>\n\t\t<\/div>\n\t\t\t\t<\/div>\n\t\t\t\t<\/div>\n\t\t\t\t\t<\/div>\n\t\t<\/div>\n\t\t\t\t\t\t\t<\/div>\n\t\t<\/section>\n\t\t\t\t<section class=\"elementor-section elementor-top-section elementor-element elementor-element-e9a80f1 elementor-section-boxed elementor-section-height-default elementor-section-height-default\" data-id=\"e9a80f1\" data-element_type=\"section\" data-settings=\"{&quot;background_background&quot;:&quot;classic&quot;}\">\n\t\t\t\t\t\t<div class=\"elementor-container elementor-column-gap-default\">\n\t\t\t\t\t<div class=\"elementor-column elementor-col-100 elementor-top-column elementor-element elementor-element-f70d756\" data-id=\"f70d756\" data-element_type=\"column\">\n\t\t\t<div class=\"elementor-widget-wrap elementor-element-populated\">\n\t\t\t\t\t\t\t\t<div class=\"elementor-element elementor-element-9f7b325 elementor-widget__width-inherit elementor-widget elementor-widget-image\" data-id=\"9f7b325\" data-element_type=\"widget\" data-widget_type=\"image.default\">\n\t\t\t\t<div class=\"elementor-widget-container\">\n\t\t\t\t\t\t\t\t\t\t\t\t\t\t\t<img loading=\"lazy\" decoding=\"async\" width=\"900\" height=\"2109\" src=\"https:\/\/smrr.ma\/wp-content\/uploads\/2024\/05\/lactivite-PE-PP3-1-en.jpg\" class=\"attachment-full size-full\" alt=\"\" srcset=\"https:\/\/smrr.ma\/wp-content\/uploads\/2024\/05\/lactivite-PE-PP3-1-en.jpg 900w, https:\/\/smrr.ma\/wp-content\/uploads\/2024\/05\/lactivite-PE-PP3-1-en-128x300.jpg 128w, https:\/\/smrr.ma\/wp-content\/uploads\/2024\/05\/lactivite-PE-PP3-1-en-437x1024.jpg 437w, https:\/\/smrr.ma\/wp-content\/uploads\/2024\/05\/lactivite-PE-PP3-1-en-768x1800.jpg 768w, https:\/\/smrr.ma\/wp-content\/uploads\/2024\/05\/lactivite-PE-PP3-1-en-655x1536.jpg 655w, https:\/\/smrr.ma\/wp-content\/uploads\/2024\/05\/lactivite-PE-PP3-1-en-874x2048.jpg 874w, https:\/\/smrr.ma\/wp-content\/uploads\/2024\/05\/lactivite-PE-PP3-1-en-5x12.jpg 5w\" sizes=\"auto, (max-width: 900px) 100vw, 900px\" \/>\t\t\t\t\t\t\t\t\t\t\t\t\t\t\t<\/div>\n\t\t\t\t<\/div>\n\t\t\t\t\t<\/div>\n\t\t<\/div>\n\t\t\t\t\t\t\t<\/div>\n\t\t<\/section>\n\t\t\t\t\t\t\t<\/div>","protected":false},"excerpt":{"rendered":"<p>P\u00f4lePolyol\u00e9fines P\u00f4le Polyol\u00e9fines Encourag\u00e9 par les r\u00e9sultats obtenus du p\u00f4le PET, SMRR a \u00e9largi la gamme des produits qu&rsquo;elle valorise en initiant un investissement sur deux lignes de broyage, lavage et granulation des polyol\u00e9fines (PP, HDPE, LDPE\u2026) issus de sa r\u00e9cup\u00e9ration et de ses achats locaux. Caract\u00e9ristiquesdu P\u00f4le Polyol\u00e9fines Mati\u00e8re premi\u00e8re : Tous types de&#8230;<\/p>","protected":false},"author":1,"featured_media":0,"parent":0,"menu_order":0,"comment_status":"closed","ping_status":"closed","template":"","meta":{"_kad_post_transparent":"","_kad_post_title":"hide","_kad_post_layout":"fullwidth","_kad_post_sidebar_id":"","_kad_post_content_style":"unboxed","_kad_post_vertical_padding":"hide","_kad_post_feature":"hide","_kad_post_feature_position":"","_kad_post_header":false,"_kad_post_footer":false,"footnotes":""},"class_list":["post-464","page","type-page","status-publish","hentry"],"yoast_head":"<!-- This site is optimized with the Yoast SEO plugin v23.6 - https:\/\/yoast.com\/wordpress\/plugins\/seo\/ -->\n<title>P\u00f4lePolyol\u00e9fines |<\/title>\n<meta name=\"description\" content=\"SMRR a \u00e9largi la gamme des produits qu\u2019elle valorise en initiant un investissement sur deux lignes de broyage, lavage et granulation des polyol\u00e9fines\" \/>\n<meta name=\"robots\" content=\"index, follow, max-snippet:-1, max-image-preview:large, max-video-preview:-1\" \/>\n<link rel=\"canonical\" href=\"https:\/\/smrr.ma\/en\/pole-polyolefines\/\" \/>\n<meta property=\"og:locale\" content=\"en_GB\" \/>\n<meta property=\"og:type\" content=\"article\" \/>\n<meta property=\"og:title\" content=\"P\u00f4lePolyol\u00e9fines |\" \/>\n<meta property=\"og:description\" content=\"SMRR a \u00e9largi la gamme des produits qu\u2019elle valorise en initiant un investissement sur deux lignes de broyage, lavage et granulation des polyol\u00e9fines\" \/>\n<meta property=\"og:url\" content=\"https:\/\/smrr.ma\/en\/pole-polyolefines\/\" \/>\n<meta property=\"article:modified_time\" content=\"2024-10-10T23:44:50+00:00\" \/>\n<meta property=\"og:image\" content=\"https:\/\/smrr.ma\/wp-content\/uploads\/2022\/11\/07.jpg\" \/>\n<meta name=\"twitter:card\" content=\"summary_large_image\" \/>\n<meta name=\"twitter:label1\" content=\"Estimated reading time\" \/>\n\t<meta name=\"twitter:data1\" content=\"2 minutes\" \/>\n<script type=\"application\/ld+json\" class=\"yoast-schema-graph\">{\"@context\":\"https:\/\/schema.org\",\"@graph\":[{\"@type\":\"WebPage\",\"@id\":\"https:\/\/smrr.ma\/pole-polyolefines\/\",\"url\":\"https:\/\/smrr.ma\/pole-polyolefines\/\",\"name\":\"P\u00f4lePolyol\u00e9fines |\",\"isPartOf\":{\"@id\":\"https:\/\/smrr.ma\/#website\"},\"primaryImageOfPage\":{\"@id\":\"https:\/\/smrr.ma\/pole-polyolefines\/#primaryimage\"},\"image\":{\"@id\":\"https:\/\/smrr.ma\/pole-polyolefines\/#primaryimage\"},\"thumbnailUrl\":\"https:\/\/smrr.ma\/wp-content\/uploads\/2022\/11\/07.jpg\",\"datePublished\":\"2022-10-21T13:03:47+00:00\",\"dateModified\":\"2024-10-10T23:44:50+00:00\",\"description\":\"SMRR a \u00e9largi la gamme des produits qu\u2019elle valorise en initiant un investissement sur deux lignes de broyage, lavage et granulation des polyol\u00e9fines\",\"breadcrumb\":{\"@id\":\"https:\/\/smrr.ma\/pole-polyolefines\/#breadcrumb\"},\"inLanguage\":\"en-GB\",\"potentialAction\":[{\"@type\":\"ReadAction\",\"target\":[\"https:\/\/smrr.ma\/pole-polyolefines\/\"]}]},{\"@type\":\"ImageObject\",\"inLanguage\":\"en-GB\",\"@id\":\"https:\/\/smrr.ma\/pole-polyolefines\/#primaryimage\",\"url\":\"https:\/\/smrr.ma\/wp-content\/uploads\/2022\/11\/07.jpg\",\"contentUrl\":\"https:\/\/smrr.ma\/wp-content\/uploads\/2022\/11\/07.jpg\"},{\"@type\":\"BreadcrumbList\",\"@id\":\"https:\/\/smrr.ma\/pole-polyolefines\/#breadcrumb\",\"itemListElement\":[{\"@type\":\"ListItem\",\"position\":1,\"name\":\"Accueil\",\"item\":\"https:\/\/smrr.ma\/\"},{\"@type\":\"ListItem\",\"position\":2,\"name\":\"P\u00f4le Polyol\u00e9fines\"}]},{\"@type\":\"WebSite\",\"@id\":\"https:\/\/smrr.ma\/#website\",\"url\":\"https:\/\/smrr.ma\/\",\"name\":\"SMRR\",\"description\":\"\",\"publisher\":{\"@id\":\"https:\/\/smrr.ma\/#organization\"},\"potentialAction\":[{\"@type\":\"SearchAction\",\"target\":{\"@type\":\"EntryPoint\",\"urlTemplate\":\"https:\/\/smrr.ma\/?s={search_term_string}\"},\"query-input\":{\"@type\":\"PropertyValueSpecification\",\"valueRequired\":true,\"valueName\":\"search_term_string\"}}],\"inLanguage\":\"en-GB\"},{\"@type\":\"Organization\",\"@id\":\"https:\/\/smrr.ma\/#organization\",\"name\":\"SMRR\",\"url\":\"https:\/\/smrr.ma\/\",\"logo\":{\"@type\":\"ImageObject\",\"inLanguage\":\"en-GB\",\"@id\":\"https:\/\/smrr.ma\/#\/schema\/logo\/image\/\",\"url\":\"https:\/\/smrr.ma\/wp-content\/uploads\/2023\/01\/cropped-Logo-smrr-1.png\",\"contentUrl\":\"https:\/\/smrr.ma\/wp-content\/uploads\/2023\/01\/cropped-Logo-smrr-1.png\",\"width\":560,\"height\":249,\"caption\":\"SMRR\"},\"image\":{\"@id\":\"https:\/\/smrr.ma\/#\/schema\/logo\/image\/\"},\"sameAs\":[\"https:\/\/ma.linkedin.com\/company\/socit-marocaine-de-rcupration-et-de-recyclage\"]}]}<\/script>\n<!-- \/ Yoast SEO plugin. -->","yoast_head_json":{"title":"P\u00f4lePolyol\u00e9fines |","description":"SMRR a \u00e9largi la gamme des produits qu\u2019elle valorise en initiant un investissement sur deux lignes de broyage, lavage et granulation des polyol\u00e9fines","robots":{"index":"index","follow":"follow","max-snippet":"max-snippet:-1","max-image-preview":"max-image-preview:large","max-video-preview":"max-video-preview:-1"},"canonical":"https:\/\/smrr.ma\/en\/pole-polyolefines\/","og_locale":"en_GB","og_type":"article","og_title":"P\u00f4lePolyol\u00e9fines |","og_description":"SMRR a \u00e9largi la gamme des produits qu\u2019elle valorise en initiant un investissement sur deux lignes de broyage, lavage et granulation des polyol\u00e9fines","og_url":"https:\/\/smrr.ma\/en\/pole-polyolefines\/","article_modified_time":"2024-10-10T23:44:50+00:00","og_image":[{"url":"https:\/\/smrr.ma\/wp-content\/uploads\/2022\/11\/07.jpg"}],"twitter_card":"summary_large_image","twitter_misc":{"Estimated reading time":"2 minutes"},"schema":{"@context":"https:\/\/schema.org","@graph":[{"@type":"WebPage","@id":"https:\/\/smrr.ma\/pole-polyolefines\/","url":"https:\/\/smrr.ma\/pole-polyolefines\/","name":"P\u00f4lePolyol\u00e9fines |","isPartOf":{"@id":"https:\/\/smrr.ma\/#website"},"primaryImageOfPage":{"@id":"https:\/\/smrr.ma\/pole-polyolefines\/#primaryimage"},"image":{"@id":"https:\/\/smrr.ma\/pole-polyolefines\/#primaryimage"},"thumbnailUrl":"https:\/\/smrr.ma\/wp-content\/uploads\/2022\/11\/07.jpg","datePublished":"2022-10-21T13:03:47+00:00","dateModified":"2024-10-10T23:44:50+00:00","description":"SMRR a \u00e9largi la gamme des produits qu\u2019elle valorise en initiant un investissement sur deux lignes de broyage, lavage et granulation des polyol\u00e9fines","breadcrumb":{"@id":"https:\/\/smrr.ma\/pole-polyolefines\/#breadcrumb"},"inLanguage":"en-GB","potentialAction":[{"@type":"ReadAction","target":["https:\/\/smrr.ma\/pole-polyolefines\/"]}]},{"@type":"ImageObject","inLanguage":"en-GB","@id":"https:\/\/smrr.ma\/pole-polyolefines\/#primaryimage","url":"https:\/\/smrr.ma\/wp-content\/uploads\/2022\/11\/07.jpg","contentUrl":"https:\/\/smrr.ma\/wp-content\/uploads\/2022\/11\/07.jpg"},{"@type":"BreadcrumbList","@id":"https:\/\/smrr.ma\/pole-polyolefines\/#breadcrumb","itemListElement":[{"@type":"ListItem","position":1,"name":"Accueil","item":"https:\/\/smrr.ma\/"},{"@type":"ListItem","position":2,"name":"P\u00f4le Polyol\u00e9fines"}]},{"@type":"WebSite","@id":"https:\/\/smrr.ma\/#website","url":"https:\/\/smrr.ma\/","name":"SMRR","description":"","publisher":{"@id":"https:\/\/smrr.ma\/#organization"},"potentialAction":[{"@type":"SearchAction","target":{"@type":"EntryPoint","urlTemplate":"https:\/\/smrr.ma\/?s={search_term_string}"},"query-input":{"@type":"PropertyValueSpecification","valueRequired":true,"valueName":"search_term_string"}}],"inLanguage":"en-GB"},{"@type":"Organization","@id":"https:\/\/smrr.ma\/#organization","name":"SMRR","url":"https:\/\/smrr.ma\/","logo":{"@type":"ImageObject","inLanguage":"en-GB","@id":"https:\/\/smrr.ma\/#\/schema\/logo\/image\/","url":"https:\/\/smrr.ma\/wp-content\/uploads\/2023\/01\/cropped-Logo-smrr-1.png","contentUrl":"https:\/\/smrr.ma\/wp-content\/uploads\/2023\/01\/cropped-Logo-smrr-1.png","width":560,"height":249,"caption":"SMRR"},"image":{"@id":"https:\/\/smrr.ma\/#\/schema\/logo\/image\/"},"sameAs":["https:\/\/ma.linkedin.com\/company\/socit-marocaine-de-rcupration-et-de-recyclage"]}]}},"_links":{"self":[{"href":"https:\/\/smrr.ma\/en\/wp-json\/wp\/v2\/pages\/464","targetHints":{"allow":["GET"]}}],"collection":[{"href":"https:\/\/smrr.ma\/en\/wp-json\/wp\/v2\/pages"}],"about":[{"href":"https:\/\/smrr.ma\/en\/wp-json\/wp\/v2\/types\/page"}],"author":[{"embeddable":true,"href":"https:\/\/smrr.ma\/en\/wp-json\/wp\/v2\/users\/1"}],"replies":[{"embeddable":true,"href":"https:\/\/smrr.ma\/en\/wp-json\/wp\/v2\/comments?post=464"}],"version-history":[{"count":138,"href":"https:\/\/smrr.ma\/en\/wp-json\/wp\/v2\/pages\/464\/revisions"}],"predecessor-version":[{"id":1864,"href":"https:\/\/smrr.ma\/en\/wp-json\/wp\/v2\/pages\/464\/revisions\/1864"}],"wp:attachment":[{"href":"https:\/\/smrr.ma\/en\/wp-json\/wp\/v2\/media?parent=464"}],"curies":[{"name":"wp","href":"https:\/\/api.w.org\/{rel}","templated":true}]}}