{"id":136,"date":"2022-08-23T14:09:03","date_gmt":"2022-08-23T14:09:03","guid":{"rendered":"https:\/\/smrr.ma\/?page_id=136"},"modified":"2024-06-02T12:25:57","modified_gmt":"2024-06-02T12:25:57","slug":"actualites","status":"publish","type":"page","link":"https:\/\/smrr.ma\/en\/actualites\/","title":{"rendered":"News"},"content":{"rendered":"<div data-elementor-type=\"wp-page\" data-elementor-id=\"136\" class=\"elementor elementor-136\">\n\t\t\t\t\t\t\t\t\t<section class=\"elementor-section elementor-top-section elementor-element elementor-element-0013119 elementor-section-height-min-height elementor-section-full_width elementor-section-content-middle elementor-section-height-default elementor-section-items-middle\" data-id=\"0013119\" data-element_type=\"section\" data-settings=\"{&quot;background_background&quot;:&quot;classic&quot;}\">\n\t\t\t\t\t\t\t<div class=\"elementor-background-overlay\"><\/div>\n\t\t\t\t\t\t\t<div class=\"elementor-container elementor-column-gap-wider\">\n\t\t\t\t\t<div class=\"elementor-column elementor-col-100 elementor-top-column elementor-element elementor-element-ad24df9\" data-id=\"ad24df9\" data-element_type=\"column\">\n\t\t\t<div class=\"elementor-widget-wrap elementor-element-populated\">\n\t\t\t\t\t\t\t\t<div class=\"elementor-element elementor-element-87ada72 elementor-widget elementor-widget-spacer\" data-id=\"87ada72\" data-element_type=\"widget\" data-widget_type=\"spacer.default\">\n\t\t\t\t<div class=\"elementor-widget-container\">\n\t\t\t<style>\/*! elementor - v3.8.1 - 13-11-2022 *\/\n.elementor-column .elementor-spacer-inner{height:var(--spacer-size)}.e-con{--container-widget-width:100%}.e-con-inner>.elementor-widget-spacer,.e-con>.elementor-widget-spacer{width:var(--container-widget-width,var(--spacer-size));-ms-flex-item-align:stretch;align-self:stretch;-ms-flex-negative:0;flex-shrink:0}.e-con-inner>.elementor-widget-spacer>.elementor-widget-container,.e-con-inner>.elementor-widget-spacer>.elementor-widget-container>.elementor-spacer,.e-con>.elementor-widget-spacer>.elementor-widget-container,.e-con>.elementor-widget-spacer>.elementor-widget-container>.elementor-spacer{height:100%}.e-con-inner>.elementor-widget-spacer>.elementor-widget-container>.elementor-spacer>.elementor-spacer-inner,.e-con>.elementor-widget-spacer>.elementor-widget-container>.elementor-spacer>.elementor-spacer-inner{height:var(--container-widget-height,var(--spacer-size))}<\/style>\t\t<div class=\"elementor-spacer\">\n\t\t\t<div class=\"elementor-spacer-inner\"><\/div>\n\t\t<\/div>\n\t\t\t\t<\/div>\n\t\t\t\t<\/div>\n\t\t\t\t<section class=\"elementor-section elementor-inner-section elementor-element elementor-element-008f9f9 elementor-section-boxed elementor-section-height-default elementor-section-height-default\" data-id=\"008f9f9\" data-element_type=\"section\">\n\t\t\t\t\t\t<div class=\"elementor-container elementor-column-gap-default\">\n\t\t\t\t\t<div class=\"elementor-column elementor-col-100 elementor-inner-column elementor-element elementor-element-e21f449\" data-id=\"e21f449\" data-element_type=\"column\">\n\t\t\t<div class=\"elementor-widget-wrap elementor-element-populated\">\n\t\t\t\t\t\t\t\t<div class=\"elementor-element elementor-element-530de89 elementor-widget elementor-widget-heading\" data-id=\"530de89\" data-element_type=\"widget\" data-widget_type=\"heading.default\">\n\t\t\t\t<div class=\"elementor-widget-container\">\n\t\t\t<style>\/*! elementor - v3.8.1 - 13-11-2022 *\/\n.elementor-heading-title{padding:0;margin:0;line-height:1}.elementor-widget-heading .elementor-heading-title[class*=elementor-size-]>a{color:inherit;font-size:inherit;line-height:inherit}.elementor-widget-heading .elementor-heading-title.elementor-size-small{font-size:15px}.elementor-widget-heading .elementor-heading-title.elementor-size-medium{font-size:19px}.elementor-widget-heading .elementor-heading-title.elementor-size-large{font-size:29px}.elementor-widget-heading .elementor-heading-title.elementor-size-xl{font-size:39px}.elementor-widget-heading .elementor-heading-title.elementor-size-xxl{font-size:59px}<\/style><h1 class=\"elementor-heading-title elementor-size-default\">News<\/h1>\t\t<\/div>\n\t\t\t\t<\/div>\n\t\t\t\t<div class=\"elementor-element elementor-element-1bc5f92 elementor-widget elementor-widget-spacer\" data-id=\"1bc5f92\" data-element_type=\"widget\" data-widget_type=\"spacer.default\">\n\t\t\t\t<div class=\"elementor-widget-container\">\n\t\t\t\t\t<div class=\"elementor-spacer\">\n\t\t\t<div class=\"elementor-spacer-inner\"><\/div>\n\t\t<\/div>\n\t\t\t\t<\/div>\n\t\t\t\t<\/div>\n\t\t\t\t<div class=\"elementor-element elementor-element-a5ab142 elementor-widget elementor-widget-spacer\" data-id=\"a5ab142\" data-element_type=\"widget\" data-widget_type=\"spacer.default\">\n\t\t\t\t<div class=\"elementor-widget-container\">\n\t\t\t\t\t<div class=\"elementor-spacer\">\n\t\t\t<div class=\"elementor-spacer-inner\"><\/div>\n\t\t<\/div>\n\t\t\t\t<\/div>\n\t\t\t\t<\/div>\n\t\t\t\t\t<\/div>\n\t\t<\/div>\n\t\t\t\t\t\t\t<\/div>\n\t\t<\/section>\n\t\t\t\t\t<\/div>\n\t\t<\/div>\n\t\t\t\t\t\t\t<\/div>\n\t\t<\/section>\n\t\t\t\t<section class=\"elementor-section elementor-top-section elementor-element elementor-element-ea67784 elementor-section-boxed elementor-section-height-default elementor-section-height-default\" data-id=\"ea67784\" data-element_type=\"section\" data-settings=\"{&quot;background_background&quot;:&quot;classic&quot;}\">\n\t\t\t\t\t\t\t<div class=\"elementor-background-overlay\"><\/div>\n\t\t\t\t\t\t\t<div class=\"elementor-container elementor-column-gap-default\">\n\t\t\t\t\t<div class=\"elementor-column elementor-col-100 elementor-top-column elementor-element elementor-element-c26c5a8\" data-id=\"c26c5a8\" data-element_type=\"column\">\n\t\t\t<div class=\"elementor-widget-wrap elementor-element-populated\">\n\t\t\t\t\t\t\t\t<div class=\"elementor-element elementor-element-afd55bd elementor-widget elementor-widget-spacer\" data-id=\"afd55bd\" data-element_type=\"widget\" data-widget_type=\"spacer.default\">\n\t\t\t\t<div class=\"elementor-widget-container\">\n\t\t\t\t\t<div class=\"elementor-spacer\">\n\t\t\t<div class=\"elementor-spacer-inner\"><\/div>\n\t\t<\/div>\n\t\t\t\t<\/div>\n\t\t\t\t<\/div>\n\t\t\t\t\t<\/div>\n\t\t<\/div>\n\t\t\t\t\t\t\t<\/div>\n\t\t<\/section>\n\t\t\t\t<section class=\"elementor-section elementor-top-section elementor-element elementor-element-62cbc2c elementor-section-content-middle elementor-section-boxed elementor-section-height-default elementor-section-height-default\" data-id=\"62cbc2c\" data-element_type=\"section\">\n\t\t\t\t\t\t<div class=\"elementor-container elementor-column-gap-default\">\n\t\t\t\t\t<div class=\"elementor-column elementor-col-100 elementor-top-column elementor-element elementor-element-8085b96\" data-id=\"8085b96\" data-element_type=\"column\">\n\t\t\t<div class=\"elementor-widget-wrap elementor-element-populated\">\n\t\t\t\t\t\t\t\t<div class=\"elementor-element elementor-element-c05c47f premium-blog-align-left elementor-widget elementor-widget-premium-addon-blog\" data-id=\"c05c47f\" data-element_type=\"widget\" data-settings=\"{&quot;premium_blog_columns_number&quot;:&quot;33.33%&quot;,&quot;premium_blog_grid&quot;:&quot;yes&quot;,&quot;premium_blog_layout&quot;:&quot;even&quot;,&quot;premium_blog_columns_number_tablet&quot;:&quot;50%&quot;,&quot;premium_blog_columns_number_mobile&quot;:&quot;100%&quot;}\" data-widget_type=\"premium-addon-blog.default\">\n\t\t\t\t<div class=\"elementor-widget-container\">\n\t\t\t\r\n\t\t\t\t<div class=\"premium-blog-wrap  premium-blog-even\" data-page=\"136\">\r\n\t\t\t\t\t<div class=\"premium-blog-post-outer-container\" data-total=\"1\">\r\n\t\t\t<div class=\"premium-blog-post-container premium-blog-skin-classic\">\r\n\t\t\t\t\t\t\t\t\t<div class=\"premium-blog-thumb-effect-wrapper\">\r\n\t\t\t\t\t\t<div class=\"premium-blog-thumbnail-container premium-blog-none-effect\">\r\n\t\t\t\t\t\t\t<img loading=\"lazy\" decoding=\"async\" width=\"768\" height=\"426\" src=\"https:\/\/smrr.ma\/wp-content\/uploads\/2024\/06\/Midi1TV-768x426.jpg\" class=\"attachment-medium_large size-medium_large\" alt=\"\" \/>\t\t\t\t\t\t<\/div>\r\n\t\t\t\t\t\t\t\t\t\t\t\t\t<div class=\"premium-blog-thumbnail-overlay\">\r\n\t\t\t\t\t\t\t\t<a class=\"elementor-icon\" href=\"https:\/\/smrr.ma\/en\/reportage-midi1-tv-le-recyclage-du-plastique-pet-et-ses-multiples-utilisations\/\" target=\"_blank\" aria-hidden=\"true\"><\/a>\r\n\t\t\t\t\t\t\t<\/div>\r\n\t\t\t\t\t\t\t\t\t\t\t<\/div>\r\n\t\t\t\t\t\t\t\t\t\t\t\t<div class=\"premium-blog-content-wrapper\">\r\n\r\n\t\t\t\t\t<div class=\"premium-blog-inner-container\">\r\n\r\n\t\t\t\t\t\t\t\t\t\t\t\t\t\t<h2 class=\"premium-blog-entry-title\">\r\n\t\t\t<a href=\"https:\/\/smrr.ma\/en\/reportage-midi1-tv-le-recyclage-du-plastique-pet-et-ses-multiples-utilisations\/\" target=\"_blank\">\r\n\t\t\t\tReportage Midi1 TV : Le recyclage du plastique PET et ses multiples utilisations\t\t\t<\/a>\r\n\t\t<\/h2>\r\n\t\t\t\t<div class=\"premium-blog-entry-meta\">\r\n\t\t\t\r\n\t\t\t\t\t\t\t<span class=\"premium-blog-meta-separator\">\u2022<\/span>\r\n\t\t\t\t<div class=\"premium-blog-post-time premium-blog-meta-data\">\r\n\t\t\t\t\t<i class=\"fa fa-clock-o\" aria-hidden=\"true\"><\/i>\r\n\t\t\t\t\t<span>June 2, 2024<\/span>\r\n\t\t\t\t<\/div>\r\n\t\t\t\r\n\t\t\t\r\n\t\t\t\t\t<\/div>\r\n\t\t\r\n\t\t\t\t\t<\/div>\r\n\r\n\t\t\t\t\t<p class=\"premium-blog-post-content\"><\/p><div class=\"premium-blog-excerpt-link-wrap\"><a href=\"https:\/\/smrr.ma\/en\/reportage-midi1-tv-le-recyclage-du-plastique-pet-et-ses-multiples-utilisations\/\" target=\"_blank\" class=\"premium-blog-excerpt-link elementor-button\">En savoir plus\u00a0\u2192<\/a><\/div>\t\t\t\t\t\r\n\t\t\t\t<\/div>\r\n\t\t\t<\/div>\r\n\t\t<\/div>\r\n\r\n\t\t\t\t<div class=\"premium-blog-post-outer-container\" data-total=\"1\">\r\n\t\t\t<div class=\"premium-blog-post-container premium-blog-skin-classic\">\r\n\t\t\t\t\t\t\t\t\t<div class=\"premium-blog-thumb-effect-wrapper\">\r\n\t\t\t\t\t\t<div class=\"premium-blog-thumbnail-container premium-blog-none-effect\">\r\n\t\t\t\t\t\t\t<img loading=\"lazy\" decoding=\"async\" width=\"700\" height=\"400\" src=\"https:\/\/smrr.ma\/wp-content\/uploads\/2022\/10\/recyclage-plastique.jpg\" class=\"attachment-medium_large size-medium_large\" alt=\"\" \/>\t\t\t\t\t\t<\/div>\r\n\t\t\t\t\t\t\t\t\t\t\t\t\t<div class=\"premium-blog-thumbnail-overlay\">\r\n\t\t\t\t\t\t\t\t<a class=\"elementor-icon\" href=\"https:\/\/smrr.ma\/en\/valorisation-des-dechets-un-pas-en-avant-pour-la-mise-en-place-de-la-rep-au-maroc-medias24\/\" target=\"_blank\" aria-hidden=\"true\"><\/a>\r\n\t\t\t\t\t\t\t<\/div>\r\n\t\t\t\t\t\t\t\t\t\t\t<\/div>\r\n\t\t\t\t\t\t\t\t\t\t\t\t<div class=\"premium-blog-content-wrapper\">\r\n\r\n\t\t\t\t\t<div class=\"premium-blog-inner-container\">\r\n\r\n\t\t\t\t\t\t\t\t\t\t\t\t\t\t<h2 class=\"premium-blog-entry-title\">\r\n\t\t\t<a href=\"https:\/\/smrr.ma\/en\/valorisation-des-dechets-un-pas-en-avant-pour-la-mise-en-place-de-la-rep-au-maroc-medias24\/\" target=\"_blank\">\r\n\t\t\t\tValorisation des d\u00e9chets : un pas en avant pour la mise en place de la REP au Maroc &#8211; M\u00e9dias24\t\t\t<\/a>\r\n\t\t<\/h2>\r\n\t\t\t\t<div class=\"premium-blog-entry-meta\">\r\n\t\t\t\r\n\t\t\t\t\t\t\t<span class=\"premium-blog-meta-separator\">\u2022<\/span>\r\n\t\t\t\t<div class=\"premium-blog-post-time premium-blog-meta-data\">\r\n\t\t\t\t\t<i class=\"fa fa-clock-o\" aria-hidden=\"true\"><\/i>\r\n\t\t\t\t\t<span>October 31, 2022<\/span>\r\n\t\t\t\t<\/div>\r\n\t\t\t\r\n\t\t\t\r\n\t\t\t\t\t<\/div>\r\n\t\t\r\n\t\t\t\t\t<\/div>\r\n\r\n\t\t\t\t\t<p class=\"premium-blog-post-content\">Basma Khirchi 5-7&nbsp;minutes En marge de l\u2019\u00e9dition 2022 du Global Green Event by Pollutec, du 14 au 16<\/p><div class=\"premium-blog-excerpt-link-wrap\"><a href=\"https:\/\/smrr.ma\/en\/valorisation-des-dechets-un-pas-en-avant-pour-la-mise-en-place-de-la-rep-au-maroc-medias24\/\" target=\"_blank\" class=\"premium-blog-excerpt-link elementor-button\">En savoir plus\u00a0\u2192<\/a><\/div>\t\t\t\t\t\r\n\t\t\t\t<\/div>\r\n\t\t\t<\/div>\r\n\t\t<\/div>\r\n\r\n\t\t\t\t<div class=\"premium-blog-post-outer-container\" data-total=\"1\">\r\n\t\t\t<div class=\"premium-blog-post-container premium-blog-skin-classic\">\r\n\t\t\t\t\t\t\t\t\t<div class=\"premium-blog-thumb-effect-wrapper\">\r\n\t\t\t\t\t\t<div class=\"premium-blog-thumbnail-container premium-blog-none-effect\">\r\n\t\t\t\t\t\t\t<img loading=\"lazy\" decoding=\"async\" width=\"768\" height=\"576\" src=\"https:\/\/smrr.ma\/wp-content\/uploads\/2022\/10\/Presentation-SMRR-2022-88-768x576.jpg\" class=\"attachment-medium_large size-medium_large\" alt=\"R\u00e9ception Bouteilles de PET\" \/>\t\t\t\t\t\t<\/div>\r\n\t\t\t\t\t\t\t\t\t\t\t\t\t<div class=\"premium-blog-thumbnail-overlay\">\r\n\t\t\t\t\t\t\t\t<a class=\"elementor-icon\" href=\"https:\/\/smrr.ma\/en\/reportage-comment-smrr-redonne-vie-aux-dechets\/\" target=\"_blank\" aria-hidden=\"true\"><\/a>\r\n\t\t\t\t\t\t\t<\/div>\r\n\t\t\t\t\t\t\t\t\t\t\t<\/div>\r\n\t\t\t\t\t\t\t\t\t\t\t\t<div class=\"premium-blog-content-wrapper\">\r\n\r\n\t\t\t\t\t<div class=\"premium-blog-inner-container\">\r\n\r\n\t\t\t\t\t\t\t\t\t\t\t\t\t\t<h2 class=\"premium-blog-entry-title\">\r\n\t\t\t<a href=\"https:\/\/smrr.ma\/en\/reportage-comment-smrr-redonne-vie-aux-dechets\/\" target=\"_blank\">\r\n\t\t\t\tReportage : Comment SMRR redonne vie aux d\u00e9chets\t\t\t<\/a>\r\n\t\t<\/h2>\r\n\t\t\t\t<div class=\"premium-blog-entry-meta\">\r\n\t\t\t\r\n\t\t\t\t\t\t\t<span class=\"premium-blog-meta-separator\">\u2022<\/span>\r\n\t\t\t\t<div class=\"premium-blog-post-time premium-blog-meta-data\">\r\n\t\t\t\t\t<i class=\"fa fa-clock-o\" aria-hidden=\"true\"><\/i>\r\n\t\t\t\t\t<span>October 31, 2022<\/span>\r\n\t\t\t\t<\/div>\r\n\t\t\t\r\n\t\t\t\r\n\t\t\t\t\t<\/div>\r\n\t\t\r\n\t\t\t\t\t<\/div>\r\n\r\n\t\t\t\t\t<p class=\"premium-blog-post-content\">Les d\u00e9chets sont r\u00e9cup\u00e9r\u00e9s dans les d\u00e9charges ou via les chiffonniers, les fameux \u00abbouaara\u00bb. Une unit\u00e9 de recyclage<\/p><div class=\"premium-blog-excerpt-link-wrap\"><a href=\"https:\/\/smrr.ma\/en\/reportage-comment-smrr-redonne-vie-aux-dechets\/\" target=\"_blank\" class=\"premium-blog-excerpt-link elementor-button\">En savoir plus\u00a0\u2192<\/a><\/div>\t\t\t\t\t\r\n\t\t\t\t<\/div>\r\n\t\t\t<\/div>\r\n\t\t<\/div>\r\n\r\n\t\t\t\t<\/div>\r\n\r\n\t\t\t\t<\/div>\n\t\t\t\t<\/div>\n\t\t\t\t\t<\/div>\n\t\t<\/div>\n\t\t\t\t\t\t\t<\/div>\n\t\t<\/section>\n\t\t\t\t<section class=\"elementor-section elementor-top-section elementor-element elementor-element-4c1aba6 elementor-section-boxed elementor-section-height-default elementor-section-height-default\" data-id=\"4c1aba6\" data-element_type=\"section\">\n\t\t\t\t\t\t<div class=\"elementor-container elementor-column-gap-default\">\n\t\t\t\t\t<div class=\"elementor-column elementor-col-25 elementor-top-column elementor-element elementor-element-7375d28\" data-id=\"7375d28\" data-element_type=\"column\">\n\t\t\t<div class=\"elementor-widget-wrap\">\n\t\t\t\t\t\t\t\t\t<\/div>\n\t\t<\/div>\n\t\t\t\t<div class=\"elementor-column elementor-col-25 elementor-top-column elementor-element elementor-element-3f99dd3\" data-id=\"3f99dd3\" data-element_type=\"column\">\n\t\t\t<div class=\"elementor-widget-wrap elementor-element-populated\">\n\t\t\t\t\t\t\t\t<div class=\"elementor-element elementor-element-624533b elementor-aspect-ratio-169 elementor-widget elementor-widget-video\" data-id=\"624533b\" data-element_type=\"widget\" data-settings=\"{&quot;video_type&quot;:&quot;hosted&quot;,&quot;mute&quot;:&quot;yes&quot;,&quot;controls&quot;:&quot;yes&quot;,&quot;aspect_ratio&quot;:&quot;169&quot;}\" data-widget_type=\"video.default\">\n\t\t\t\t<div class=\"elementor-widget-container\">\n\t\t\t<style>\/*! elementor - v3.8.1 - 13-11-2022 *\/\n.elementor-widget-video .elementor-widget-container{overflow:hidden;-webkit-transform:translateZ(0);transform:translateZ(0)}.elementor-widget-video .elementor-open-inline .elementor-custom-embed-image-overlay{position:absolute;top:0;left:0;width:100%;height:100%;background-size:cover;background-position:50%}.elementor-widget-video .elementor-custom-embed-image-overlay{cursor:pointer;text-align:center}.elementor-widget-video .elementor-custom-embed-image-overlay:hover .elementor-custom-embed-play i{opacity:1}.elementor-widget-video .elementor-custom-embed-image-overlay img{display:block;width:100%}.elementor-widget-video .e-hosted-video .elementor-video{-o-object-fit:cover;object-fit:cover}.e-con-inner>.elementor-widget-video,.e-con>.elementor-widget-video{width:var(--container-widget-width,100%)}<\/style>\t\t<div class=\"e-hosted-video elementor-wrapper elementor-fit-aspect-ratio elementor-open-inline\">\n\t\t\t\t\t<video class=\"elementor-video\" src=\"https:\/\/smrr.ma\/wp-content\/uploads\/2024\/06\/smrr-1-.mp4\" controls=\"\" muted=\"muted\" controlslist=\"nodownload\"><\/video>\n\t\t\t\t<\/div>\n\t\t\t\t<\/div>\n\t\t\t\t<\/div>\n\t\t\t\t\t<\/div>\n\t\t<\/div>\n\t\t\t\t<div class=\"elementor-column elementor-col-25 elementor-top-column elementor-element elementor-element-c256395\" data-id=\"c256395\" data-element_type=\"column\">\n\t\t\t<div class=\"elementor-widget-wrap elementor-element-populated\">\n\t\t\t\t\t\t\t\t<div class=\"elementor-element elementor-element-9cc0623 elementor-aspect-ratio-169 elementor-widget elementor-widget-video\" data-id=\"9cc0623\" data-element_type=\"widget\" data-settings=\"{&quot;video_type&quot;:&quot;hosted&quot;,&quot;mute&quot;:&quot;yes&quot;,&quot;controls&quot;:&quot;yes&quot;,&quot;aspect_ratio&quot;:&quot;169&quot;}\" data-widget_type=\"video.default\">\n\t\t\t\t<div class=\"elementor-widget-container\">\n\t\t\t\t\t<div class=\"e-hosted-video elementor-wrapper elementor-fit-aspect-ratio elementor-open-inline\">\n\t\t\t\t\t<video class=\"elementor-video\" src=\"https:\/\/smrr.ma\/wp-content\/uploads\/2024\/06\/smrr-2-.mp4\" controls=\"\" muted=\"muted\" controlslist=\"nodownload\"><\/video>\n\t\t\t\t<\/div>\n\t\t\t\t<\/div>\n\t\t\t\t<\/div>\n\t\t\t\t\t<\/div>\n\t\t<\/div>\n\t\t\t\t<div class=\"elementor-column elementor-col-25 elementor-top-column elementor-element elementor-element-cbcfa69\" data-id=\"cbcfa69\" data-element_type=\"column\">\n\t\t\t<div class=\"elementor-widget-wrap\">\n\t\t\t\t\t\t\t\t\t<\/div>\n\t\t<\/div>\n\t\t\t\t\t\t\t<\/div>\n\t\t<\/section>\n\t\t\t\t\t\t\t<\/div>","protected":false},"excerpt":{"rendered":"<p>actualit\u00e9s Reportage Midi1 TV : Le recyclage du plastique PET et ses multiples utilisations \u2022 juin 2, 2024 En savoir plus\u00a0\u2192 Valorisation des d\u00e9chets : un pas en avant pour la mise en place de la REP au Maroc &#8211; M\u00e9dias24 \u2022 octobre 31, 2022 Basma Khirchi 5-7&nbsp;minutes En marge de l\u2019\u00e9dition 2022 du Global&#8230;<\/p>","protected":false},"author":1,"featured_media":0,"parent":0,"menu_order":0,"comment_status":"closed","ping_status":"closed","template":"","meta":{"_kad_post_transparent":"","_kad_post_title":"hide","_kad_post_layout":"fullwidth","_kad_post_sidebar_id":"","_kad_post_content_style":"unboxed","_kad_post_vertical_padding":"hide","_kad_post_feature":"hide","_kad_post_feature_position":"","_kad_post_header":false,"_kad_post_footer":false,"footnotes":""},"class_list":["post-136","page","type-page","status-publish","hentry"],"yoast_head":"<!-- This site is optimized with the Yoast SEO plugin v23.6 - https:\/\/yoast.com\/wordpress\/plugins\/seo\/ -->\n<title>Actualit\u00e9s |<\/title>\n<meta name=\"robots\" content=\"index, follow, max-snippet:-1, max-image-preview:large, max-video-preview:-1\" \/>\n<link rel=\"canonical\" href=\"https:\/\/smrr.ma\/en\/actualites\/\" \/>\n<meta property=\"og:locale\" content=\"en_GB\" \/>\n<meta property=\"og:type\" content=\"article\" \/>\n<meta property=\"og:title\" content=\"Actualit\u00e9s |\" \/>\n<meta property=\"og:description\" content=\"actualit\u00e9s Reportage Midi1 TV : Le recyclage du plastique PET et ses multiples utilisations \u2022 juin 2, 2024 En savoir plus\u00a0\u2192 Valorisation des d\u00e9chets : un pas en avant pour la mise en place de la REP au Maroc &#8211; M\u00e9dias24 \u2022 octobre 31, 2022 Basma Khirchi 5-7&nbsp;minutes En marge de l\u2019\u00e9dition 2022 du Global...\" \/>\n<meta property=\"og:url\" content=\"https:\/\/smrr.ma\/en\/actualites\/\" \/>\n<meta property=\"article:modified_time\" content=\"2024-06-02T12:25:57+00:00\" \/>\n<meta property=\"og:image\" content=\"https:\/\/smrr.ma\/wp-content\/uploads\/2024\/06\/Midi1TV-768x426.jpg\" \/>\n<meta name=\"twitter:card\" content=\"summary_large_image\" \/>\n<meta name=\"twitter:label1\" content=\"Estimated reading time\" \/>\n\t<meta name=\"twitter:data1\" content=\"1 minute\" \/>\n<script type=\"application\/ld+json\" class=\"yoast-schema-graph\">{\"@context\":\"https:\/\/schema.org\",\"@graph\":[{\"@type\":\"WebPage\",\"@id\":\"https:\/\/smrr.ma\/actualites\/\",\"url\":\"https:\/\/smrr.ma\/actualites\/\",\"name\":\"Actualit\u00e9s |\",\"isPartOf\":{\"@id\":\"https:\/\/smrr.ma\/#website\"},\"primaryImageOfPage\":{\"@id\":\"https:\/\/smrr.ma\/actualites\/#primaryimage\"},\"image\":{\"@id\":\"https:\/\/smrr.ma\/actualites\/#primaryimage\"},\"thumbnailUrl\":\"https:\/\/smrr.ma\/wp-content\/uploads\/2024\/06\/Midi1TV-768x426.jpg\",\"datePublished\":\"2022-08-23T14:09:03+00:00\",\"dateModified\":\"2024-06-02T12:25:57+00:00\",\"breadcrumb\":{\"@id\":\"https:\/\/smrr.ma\/actualites\/#breadcrumb\"},\"inLanguage\":\"en-GB\",\"potentialAction\":[{\"@type\":\"ReadAction\",\"target\":[\"https:\/\/smrr.ma\/actualites\/\"]}]},{\"@type\":\"ImageObject\",\"inLanguage\":\"en-GB\",\"@id\":\"https:\/\/smrr.ma\/actualites\/#primaryimage\",\"url\":\"https:\/\/smrr.ma\/wp-content\/uploads\/2024\/06\/Midi1TV-768x426.jpg\",\"contentUrl\":\"https:\/\/smrr.ma\/wp-content\/uploads\/2024\/06\/Midi1TV-768x426.jpg\"},{\"@type\":\"BreadcrumbList\",\"@id\":\"https:\/\/smrr.ma\/actualites\/#breadcrumb\",\"itemListElement\":[{\"@type\":\"ListItem\",\"position\":1,\"name\":\"Accueil\",\"item\":\"https:\/\/smrr.ma\/\"},{\"@type\":\"ListItem\",\"position\":2,\"name\":\"Actualit\u00e9s\"}]},{\"@type\":\"WebSite\",\"@id\":\"https:\/\/smrr.ma\/#website\",\"url\":\"https:\/\/smrr.ma\/\",\"name\":\"SMRR\",\"description\":\"\",\"publisher\":{\"@id\":\"https:\/\/smrr.ma\/#organization\"},\"potentialAction\":[{\"@type\":\"SearchAction\",\"target\":{\"@type\":\"EntryPoint\",\"urlTemplate\":\"https:\/\/smrr.ma\/?s={search_term_string}\"},\"query-input\":{\"@type\":\"PropertyValueSpecification\",\"valueRequired\":true,\"valueName\":\"search_term_string\"}}],\"inLanguage\":\"en-GB\"},{\"@type\":\"Organization\",\"@id\":\"https:\/\/smrr.ma\/#organization\",\"name\":\"SMRR\",\"url\":\"https:\/\/smrr.ma\/\",\"logo\":{\"@type\":\"ImageObject\",\"inLanguage\":\"en-GB\",\"@id\":\"https:\/\/smrr.ma\/#\/schema\/logo\/image\/\",\"url\":\"https:\/\/smrr.ma\/wp-content\/uploads\/2023\/01\/cropped-Logo-smrr-1.png\",\"contentUrl\":\"https:\/\/smrr.ma\/wp-content\/uploads\/2023\/01\/cropped-Logo-smrr-1.png\",\"width\":560,\"height\":249,\"caption\":\"SMRR\"},\"image\":{\"@id\":\"https:\/\/smrr.ma\/#\/schema\/logo\/image\/\"},\"sameAs\":[\"https:\/\/ma.linkedin.com\/company\/socit-marocaine-de-rcupration-et-de-recyclage\"]}]}<\/script>\n<!-- \/ Yoast SEO plugin. -->","yoast_head_json":{"title":"Actualit\u00e9s |","robots":{"index":"index","follow":"follow","max-snippet":"max-snippet:-1","max-image-preview":"max-image-preview:large","max-video-preview":"max-video-preview:-1"},"canonical":"https:\/\/smrr.ma\/en\/actualites\/","og_locale":"en_GB","og_type":"article","og_title":"Actualit\u00e9s |","og_description":"actualit\u00e9s Reportage Midi1 TV : Le recyclage du plastique PET et ses multiples utilisations \u2022 juin 2, 2024 En savoir plus\u00a0\u2192 Valorisation des d\u00e9chets : un pas en avant pour la mise en place de la REP au Maroc &#8211; M\u00e9dias24 \u2022 octobre 31, 2022 Basma Khirchi 5-7&nbsp;minutes En marge de l\u2019\u00e9dition 2022 du Global...","og_url":"https:\/\/smrr.ma\/en\/actualites\/","article_modified_time":"2024-06-02T12:25:57+00:00","og_image":[{"url":"https:\/\/smrr.ma\/wp-content\/uploads\/2024\/06\/Midi1TV-768x426.jpg"}],"twitter_card":"summary_large_image","twitter_misc":{"Estimated reading time":"1 minute"},"schema":{"@context":"https:\/\/schema.org","@graph":[{"@type":"WebPage","@id":"https:\/\/smrr.ma\/actualites\/","url":"https:\/\/smrr.ma\/actualites\/","name":"Actualit\u00e9s |","isPartOf":{"@id":"https:\/\/smrr.ma\/#website"},"primaryImageOfPage":{"@id":"https:\/\/smrr.ma\/actualites\/#primaryimage"},"image":{"@id":"https:\/\/smrr.ma\/actualites\/#primaryimage"},"thumbnailUrl":"https:\/\/smrr.ma\/wp-content\/uploads\/2024\/06\/Midi1TV-768x426.jpg","datePublished":"2022-08-23T14:09:03+00:00","dateModified":"2024-06-02T12:25:57+00:00","breadcrumb":{"@id":"https:\/\/smrr.ma\/actualites\/#breadcrumb"},"inLanguage":"en-GB","potentialAction":[{"@type":"ReadAction","target":["https:\/\/smrr.ma\/actualites\/"]}]},{"@type":"ImageObject","inLanguage":"en-GB","@id":"https:\/\/smrr.ma\/actualites\/#primaryimage","url":"https:\/\/smrr.ma\/wp-content\/uploads\/2024\/06\/Midi1TV-768x426.jpg","contentUrl":"https:\/\/smrr.ma\/wp-content\/uploads\/2024\/06\/Midi1TV-768x426.jpg"},{"@type":"BreadcrumbList","@id":"https:\/\/smrr.ma\/actualites\/#breadcrumb","itemListElement":[{"@type":"ListItem","position":1,"name":"Accueil","item":"https:\/\/smrr.ma\/"},{"@type":"ListItem","position":2,"name":"Actualit\u00e9s"}]},{"@type":"WebSite","@id":"https:\/\/smrr.ma\/#website","url":"https:\/\/smrr.ma\/","name":"SMRR","description":"","publisher":{"@id":"https:\/\/smrr.ma\/#organization"},"potentialAction":[{"@type":"SearchAction","target":{"@type":"EntryPoint","urlTemplate":"https:\/\/smrr.ma\/?s={search_term_string}"},"query-input":{"@type":"PropertyValueSpecification","valueRequired":true,"valueName":"search_term_string"}}],"inLanguage":"en-GB"},{"@type":"Organization","@id":"https:\/\/smrr.ma\/#organization","name":"SMRR","url":"https:\/\/smrr.ma\/","logo":{"@type":"ImageObject","inLanguage":"en-GB","@id":"https:\/\/smrr.ma\/#\/schema\/logo\/image\/","url":"https:\/\/smrr.ma\/wp-content\/uploads\/2023\/01\/cropped-Logo-smrr-1.png","contentUrl":"https:\/\/smrr.ma\/wp-content\/uploads\/2023\/01\/cropped-Logo-smrr-1.png","width":560,"height":249,"caption":"SMRR"},"image":{"@id":"https:\/\/smrr.ma\/#\/schema\/logo\/image\/"},"sameAs":["https:\/\/ma.linkedin.com\/company\/socit-marocaine-de-rcupration-et-de-recyclage"]}]}},"_links":{"self":[{"href":"https:\/\/smrr.ma\/en\/wp-json\/wp\/v2\/pages\/136","targetHints":{"allow":["GET"]}}],"collection":[{"href":"https:\/\/smrr.ma\/en\/wp-json\/wp\/v2\/pages"}],"about":[{"href":"https:\/\/smrr.ma\/en\/wp-json\/wp\/v2\/types\/page"}],"author":[{"embeddable":true,"href":"https:\/\/smrr.ma\/en\/wp-json\/wp\/v2\/users\/1"}],"replies":[{"embeddable":true,"href":"https:\/\/smrr.ma\/en\/wp-json\/wp\/v2\/comments?post=136"}],"version-history":[{"count":22,"href":"https:\/\/smrr.ma\/en\/wp-json\/wp\/v2\/pages\/136\/revisions"}],"predecessor-version":[{"id":1840,"href":"https:\/\/smrr.ma\/en\/wp-json\/wp\/v2\/pages\/136\/revisions\/1840"}],"wp:attachment":[{"href":"https:\/\/smrr.ma\/en\/wp-json\/wp\/v2\/media?parent=136"}],"curies":[{"name":"wp","href":"https:\/\/api.w.org\/{rel}","templated":true}]}}